{"id":103,"date":"2023-07-15T13:38:35","date_gmt":"2023-07-15T13:38:35","guid":{"rendered":"https:\/\/bietmaytinh.com\/shop\/?post_type=product&#038;p=103"},"modified":"2023-07-15T13:43:55","modified_gmt":"2023-07-15T13:43:55","slug":"windows-11-professional","status":"publish","type":"product","link":"https:\/\/bietmaytinh.com\/shop\/product\/windows-11-professional\/","title":{"rendered":"Windows 11 Professional"},"content":{"rendered":"","protected":false},"excerpt":{"rendered":"<p><strong>Phi\u00ean b\u1ea3n Windows 11 \u0111\u01b0\u1ee3c d\u00f9ng nhi\u1ec1u nh\u1ea5t<\/strong><\/p>\n<ul>\n<li>\u00a0\u0110\u1ec3 k\u00edch ho\u1ea1t m\u00e1y c\u1ee7a b\u1ea1n c\u1ea7n c\u00e0i s\u1eb5n Window 11 Pro<\/li>\n<li>Key c\u00f3 th\u1ec3 k\u00edch ho\u1ea1t online qua t\u00e0i kho\u1ea3n Microsoft ho\u1eb7c k\u00edch ho\u1ea1t tr\u1ef1c ti\u1ebfp tr\u00ean m\u00e1y t\u00ednh<\/li>\n<li>Key \u0111\u01b0\u1ee3c s\u1eed d\u1ee5ng v\u0129nh vi\u1ec5n tr\u00ean 01 thi\u1ebft b\u1ecb<\/li>\n<li>H\u1ed7 tr\u1ee3 k\u00edch ho\u1ea1t qua Teamview\/ Ultraview\/ Anydesk<\/li>\n<\/ul>\n","protected":false},"featured_media":117,"comment_status":"open","ping_status":"closed","template":"","meta":{"_gspb_post_css":"","inline_featured_image":false},"store":[],"product_cat":[15],"product_tag":[],"class_list":["post-103","product","type-product","status-publish","has-post-thumbnail","hentry","product_cat-uncategorized"],"_links":{"self":[{"href":"https:\/\/bietmaytinh.com\/shop\/wp-json\/wp\/v2\/product\/103","targetHints":{"allow":["GET"]}}],"collection":[{"href":"https:\/\/bietmaytinh.com\/shop\/wp-json\/wp\/v2\/product"}],"about":[{"href":"https:\/\/bietmaytinh.com\/shop\/wp-json\/wp\/v2\/types\/product"}],"replies":[{"embeddable":true,"href":"https:\/\/bietmaytinh.com\/shop\/wp-json\/wp\/v2\/comments?post=103"}],"wp:featuredmedia":[{"embeddable":true,"href":"https:\/\/bietmaytinh.com\/shop\/wp-json\/wp\/v2\/media\/117"}],"wp:attachment":[{"href":"https:\/\/bietmaytinh.com\/shop\/wp-json\/wp\/v2\/media?parent=103"}],"wp:term":[{"taxonomy":"store","embeddable":true,"href":"https:\/\/bietmaytinh.com\/shop\/wp-json\/wp\/v2\/store?post=103"},{"taxonomy":"product_cat","embeddable":true,"href":"https:\/\/bietmaytinh.com\/shop\/wp-json\/wp\/v2\/product_cat?post=103"},{"taxonomy":"product_tag","embeddable":true,"href":"https:\/\/bietmaytinh.com\/shop\/wp-json\/wp\/v2\/product_tag?post=103"}],"curies":[{"name":"wp","href":"https:\/\/api.w.org\/{rel}","templated":true}]}}