{"id":15,"date":"2023-07-09T05:29:02","date_gmt":"2023-07-09T05:29:02","guid":{"rendered":"https:\/\/bietmaytinh.com\/shop\/?post_type=product&#038;p=15"},"modified":"2023-07-21T02:16:28","modified_gmt":"2023-07-21T02:16:28","slug":"mua-tai-khoan-chatgpt","status":"publish","type":"product","link":"https:\/\/bietmaytinh.com\/shop\/product\/mua-tai-khoan-chatgpt\/","title":{"rendered":"ChatGPT &#8211; Chatbot Ai th\u00f4ng minh nh\u1ea5t hi\u1ec7n nay"},"content":{"rendered":"<p><span style=\"vertical-align: inherit;\"><span style=\"vertical-align: inherit;\">Chat bot m\u1ea1nh m\u1ebd nh\u1ea5t hi\u1ec7n nay.<\/span><\/span><\/p>\n<p><span style=\"vertical-align: inherit;\"><span style=\"vertical-align: inherit;\">ChatGPT c\u00f3 th\u1ec3 \u0111\u01b0\u1ee3c s\u1eed d\u1ee5ng cho nhi\u1ec1u m\u1ee5c \u0111\u00edch kh\u00e1c nhau, bao g\u1ed3m:<\/span><\/span><\/p>\n<p><span style=\"vertical-align: inherit;\"><span style=\"vertical-align: inherit;\">1. H\u1ed7 tr\u1ee3 d\u1ecbch v\u1ee5 kh\u00e1ch h\u00e0ng: ChatGPT c\u00f3 th\u1ec3 cung c\u1ea5p H\u1ed7 tr\u1ee3 t\u1ef1 \u0111\u1ed9ng cho kh\u00e1ch h\u00e0ng b\u1eb1ng c\u00e1ch tr\u1ea3 l\u1eddi c\u00e2u h\u1ecfi th\u01b0\u1eddng g\u1eb7p, cung c\u1ea5p h\u01b0\u1edbng d\u1eabn s\u1eed d\u1ee5ng s\u1ea3n ph\u1ea9m ho\u1eb7c gi\u1ea3i quy\u1ebft c\u00e1c v\u1ea5n \u0111\u1ec1 c\u01a1 b\u1ea3n.<\/span><\/span><\/p>\n<p><span style=\"vertical-align: inherit;\"><span style=\"vertical-align: inherit;\"><span style=\"vertical-align: inherit;\"><span style=\"vertical-align: inherit;\">2. T\u1ea1o chatbot: B\u1eb1ng c\u00e1ch s\u1eed d\u1ee5ng ChatGPT, b\u1ea1n c\u00f3 th\u1ec3 x\u00e2y d\u1ef1ng chatbot t\u1ef1 \u0111\u1ed9ng tr\u1ea3 l\u1eddi c\u00e2u h\u1ecfi v\u00e0 t\u01b0\u01a1ng t\u00e1c v\u1edbi ng\u01b0\u1eddi d\u00f9ng. <\/span><\/span><\/span><span style=\"vertical-align: inherit;\"><span style=\"vertical-align: inherit;\"><span style=\"vertical-align: inherit;\">\u0110i\u1ec1u n\u00e0y c\u00f3 th\u1ec3 \u0111\u01b0\u1ee3c \u00e1p d\u1ee5ng trong c\u00e1c l\u0129nh v\u1ef1c nh\u01b0 gi\u00e1o d\u1ee5c, du l\u1ecbch, th\u01b0\u01a1ng m\u1ea1i \u0111i\u1ec7n t\u1eed v\u00e0 nhi\u1ec1u l\u0129nh v\u1ef1c kh\u00e1c.<\/span><\/span><\/span><\/span><\/p>\n<p><span style=\"vertical-align: inherit;\"><span style=\"vertical-align: inherit;\"><span style=\"vertical-align: inherit;\"><span style=\"vertical-align: inherit;\">3. H\u1ed7 tr\u1ee3 nghi\u00ean c\u1ee9u: ChatGPT c\u00f3 th\u1ec3 \u0111\u01b0\u1ee3c s\u1eed d\u1ee5ng nh\u01b0 m\u1ed9t c\u00f4ng c\u1ee5 \u0111\u1ec3 h\u1ed7 tr\u1ee3 nghi\u00ean c\u1ee9u trong l\u0129nh v\u1ef1c x\u1eed l\u00fd ng\u00f4n ng\u1eef t\u1ef1 nhi\u00ean (NLP). <\/span><\/span><\/span><span style=\"vertical-align: inherit;\"><span style=\"vertical-align: inherit;\"><span style=\"vertical-align: inherit;\">B\u1ea1n c\u00f3 th\u1ec3 s\u1eed d\u1ee5ng n\u00f3 \u0111\u1ec3 th\u1eed nghi\u1ec7m c\u00e1c ph\u01b0\u01a1ng ph\u00e1p m\u1edbi, t\u1ea1o d\u1eef li\u1ec7u hu\u1ea5n luy\u1ec7n ho\u1eb7c kh\u00e1m ph\u00e1 c\u00e1c v\u1ea5n \u0111\u1ec1 NLP kh\u00e1c.<\/span><\/span><\/span><\/span><\/p>\n<p><span style=\"vertical-align: inherit;\"><span style=\"vertical-align: inherit;\"><span style=\"vertical-align: inherit;\"><span style=\"vertical-align: inherit;\">4. Gi\u1ea3ng d\u1ea1y v\u00e0 h\u01b0\u1edbng d\u1eabn: ChatGPT c\u00f3 th\u1ec3 \u0111\u01b0\u1ee3c s\u1eed d\u1ee5ng nh\u01b0 m\u1ed9t tr\u1ee3 l\u00fd \u1ea3o trong l\u0129nh v\u1ef1c gi\u00e1o d\u1ee5c. <\/span><\/span><\/span><span style=\"vertical-align: inherit;\"><span style=\"vertical-align: inherit;\"><span style=\"vertical-align: inherit;\">N\u00f3 c\u00f3 th\u1ec3 gi\u00fap sinh vi\u00ean t\u00ecm hi\u1ec3u c\u00e1c kh\u00e1i ni\u1ec7m, tr\u1ea3 l\u1eddi c\u00e2u h\u1ecfi v\u00e0 cung c\u1ea5p h\u01b0\u1edbng d\u1eabn trong c\u00e1c l\u0129nh v\u1ef1c nh\u01b0 to\u00e1n h\u1ecdc, l\u1ecbch s\u1eed, v\u0103n h\u1ecdc v\u00e0 nhi\u1ec1u l\u0129nh v\u1ef1c h\u1ecdc thu\u1eadt kh\u00e1c.<\/span><\/span><\/span><\/span><\/p>\n<p><span style=\"vertical-align: inherit;\"><span style=\"vertical-align: inherit;\"><span style=\"vertical-align: inherit;\"><span style=\"vertical-align: inherit;\">5. T\u1ea1o n\u1ed9i dung: B\u1ea1n c\u00f3 th\u1ec3 s\u1eed d\u1ee5ng ChatGPT \u0111\u1ec3 t\u1ea1o n\u1ed9i dung cho c\u00e1c m\u1ee5c \u0111\u00edch kh\u00e1c nhau, bao g\u1ed3m vi\u1ebft b\u00e0i blog, vi\u1ebft s\u00e1ch, t\u1ea1o k\u1ecbch b\u1ea3n cho video v\u00e0 h\u01a1n th\u1ebf n\u1eefa.<\/span><\/span><\/span><\/span><\/p>\n<p><span style=\"vertical-align: inherit;\"><span style=\"vertical-align: inherit;\"><span style=\"vertical-align: inherit;\"><span style=\"vertical-align: inherit;\">Tuy nhi\u00ean, khi s\u1eed d\u1ee5ng ChatGPT, h\u00e3y nh\u1edb r\u1eb1ng n\u00f3 ch\u1ec9 l\u00e0 m\u1ed9t c\u00f4ng c\u1ee5 v\u00e0 c\u1ea7n \u0111\u01b0\u1ee3c s\u1eed d\u1ee5ng c\u00f9ng v\u1edbi s\u1ef1 c\u00e2n nh\u1eafc v\u00e0 ki\u1ec3m tra th\u1ef1c t\u1ebf.<\/span><\/span><\/span><\/span><\/p>\n","protected":false},"excerpt":{"rendered":"<p><span style=\"vertical-align: inherit;\"><span style=\"vertical-align: inherit;\">Chat bot h\u1ed7 tr\u1ee3 vi\u1ebft b\u00e0i, t\u00ecm ki\u1ebfm th\u00f4ng tin, gi\u1ea3i to\u00e1n, h\u1ecdc ti\u1ebfng Anh..<\/span><\/span><\/p>\n","protected":false},"featured_media":16,"comment_status":"open","ping_status":"closed","template":"","meta":{"_gspb_post_css":"","inline_featured_image":false},"store":[],"product_cat":[17],"product_tag":[18],"class_list":["post-15","product","type-product","status-publish","has-post-thumbnail","hentry","product_cat-chatbot","product_tag-ai"],"_links":{"self":[{"href":"https:\/\/bietmaytinh.com\/shop\/wp-json\/wp\/v2\/product\/15","targetHints":{"allow":["GET"]}}],"collection":[{"href":"https:\/\/bietmaytinh.com\/shop\/wp-json\/wp\/v2\/product"}],"about":[{"href":"https:\/\/bietmaytinh.com\/shop\/wp-json\/wp\/v2\/types\/product"}],"replies":[{"embeddable":true,"href":"https:\/\/bietmaytinh.com\/shop\/wp-json\/wp\/v2\/comments?post=15"}],"wp:featuredmedia":[{"embeddable":true,"href":"https:\/\/bietmaytinh.com\/shop\/wp-json\/wp\/v2\/media\/16"}],"wp:attachment":[{"href":"https:\/\/bietmaytinh.com\/shop\/wp-json\/wp\/v2\/media?parent=15"}],"wp:term":[{"taxonomy":"store","embeddable":true,"href":"https:\/\/bietmaytinh.com\/shop\/wp-json\/wp\/v2\/store?post=15"},{"taxonomy":"product_cat","embeddable":true,"href":"https:\/\/bietmaytinh.com\/shop\/wp-json\/wp\/v2\/product_cat?post=15"},{"taxonomy":"product_tag","embeddable":true,"href":"https:\/\/bietmaytinh.com\/shop\/wp-json\/wp\/v2\/product_tag?post=15"}],"curies":[{"name":"wp","href":"https:\/\/api.w.org\/{rel}","templated":true}]}}